{"id":21,"date":"2014-11-21T10:21:18","date_gmt":"2014-11-21T09:21:18","guid":{"rendered":"http:\/\/www.pazconsultants.com\/new\/?page_id=21"},"modified":"2020-01-20T11:47:58","modified_gmt":"2020-01-20T10:47:58","slug":"accueil","status":"publish","type":"page","link":"https:\/\/www.pazconsultants.com\/new\/","title":{"rendered":"Accueil"},"content":{"rendered":"<div class=\"item-page\">\n<p><strong><!-- START REVOLUTION SLIDER 4.6.0 fullwidth mode -->\n\n<div id=\"rev_slider_1_1_wrapper\" class=\"rev_slider_wrapper fullwidthbanner-container\" style=\"margin:0px auto;background-color:#fff;padding:0px;margin-top:0px;margin-bottom:0px;max-height:350px;\">\n\t<div id=\"rev_slider_1_1\" class=\"rev_slider fullwidthabanner\" style=\"display:none;max-height:350px;height:350px;\">\n<ul>\t<!-- SLIDE  -->\n\t<li data-transition=\"slideright\" data-slotamount=\"7\" data-masterspeed=\"300\"  data-saveperformance=\"off\" >\n\t\t<!-- MAIN IMAGE -->\n\t\t<img src=\"https:\/\/www.pazconsultants.com\/new\/wp-content\/uploads\/2014\/11\/Expert.jpg\"  alt=\"Expert\"  data-bgposition=\"center top\" data-bgfit=\"contain\" data-bgrepeat=\"no-repeat\">\n\t\t<!-- LAYERS -->\n\t<\/li>\n\t<!-- SLIDE  -->\n\t<li data-transition=\"slideright\" data-slotamount=\"7\" data-masterspeed=\"300\"  data-saveperformance=\"off\" >\n\t\t<!-- MAIN IMAGE -->\n\t\t<img src=\"https:\/\/www.pazconsultants.com\/new\/wp-content\/uploads\/2014\/11\/Integrity.jpg\"  alt=\"Integrity\"  data-bgposition=\"center top\" data-bgfit=\"contain\" data-bgrepeat=\"no-repeat\">\n\t\t<!-- LAYERS -->\n\t<\/li>\n\t<!-- SLIDE  -->\n\t<li data-transition=\"slideright\" data-slotamount=\"7\" data-masterspeed=\"300\"  data-saveperformance=\"off\" >\n\t\t<!-- MAIN IMAGE -->\n\t\t<img src=\"https:\/\/www.pazconsultants.com\/new\/wp-content\/uploads\/2014\/11\/Large-1300-Organisation.jpg\"  alt=\"Large-1300-Organisation\"  data-bgposition=\"center top\" data-bgfit=\"contain\" data-bgrepeat=\"no-repeat\">\n\t\t<!-- LAYERS -->\n\t<\/li>\n<\/ul>\n<div class=\"tp-bannertimer tp-bottom\" style=\"visibility: hidden !important;\"><\/div>\t<\/div>\n\n\t\t\t<script type=\"text\/javascript\">\n\n\t\t\t\t\/******************************************\n\t\t\t\t\t-\tPREPARE PLACEHOLDER FOR SLIDER\t-\n\t\t\t\t******************************************\/\n\t\t\t\t\n\n\t\t\t\tvar setREVStartSize = function() {\n\t\t\t\t\tvar\ttpopt = new Object();\n\t\t\t\t\t\ttpopt.startwidth = 1000;\n\t\t\t\t\t\ttpopt.startheight = 350;\n\t\t\t\t\t\ttpopt.container = jQuery('#rev_slider_1_1');\n\t\t\t\t\t\ttpopt.fullScreen = \"off\";\n\t\t\t\t\t\ttpopt.forceFullWidth=\"off\";\n\n\t\t\t\t\ttpopt.container.closest(\".rev_slider_wrapper\").css({height:tpopt.container.height()});tpopt.width=parseInt(tpopt.container.width(),0);tpopt.height=parseInt(tpopt.container.height(),0);tpopt.bw=tpopt.width\/tpopt.startwidth;tpopt.bh=tpopt.height\/tpopt.startheight;if(tpopt.bh>tpopt.bw)tpopt.bh=tpopt.bw;if(tpopt.bh<tpopt.bw)tpopt.bw=tpopt.bh;if(tpopt.bw<tpopt.bh)tpopt.bh=tpopt.bw;if(tpopt.bh>1){tpopt.bw=1;tpopt.bh=1}if(tpopt.bw>1){tpopt.bw=1;tpopt.bh=1}tpopt.height=Math.round(tpopt.startheight*(tpopt.width\/tpopt.startwidth));if(tpopt.height>tpopt.startheight&&tpopt.autoHeight!=\"on\")tpopt.height=tpopt.startheight;if(tpopt.fullScreen==\"on\"){tpopt.height=tpopt.bw*tpopt.startheight;var cow=tpopt.container.parent().width();var coh=jQuery(window).height();if(tpopt.fullScreenOffsetContainer!=undefined){try{var offcontainers=tpopt.fullScreenOffsetContainer.split(\",\");jQuery.each(offcontainers,function(e,t){coh=coh-jQuery(t).outerHeight(true);if(coh<tpopt.minFullScreenHeight)coh=tpopt.minFullScreenHeight})}catch(e){}}tpopt.container.parent().height(coh);tpopt.container.height(coh);tpopt.container.closest(\".rev_slider_wrapper\").height(coh);tpopt.container.closest(\".forcefullwidth_wrapper_tp_banner\").find(\".tp-fullwidth-forcer\").height(coh);tpopt.container.css({height:\"100%\"});tpopt.height=coh;}else{tpopt.container.height(tpopt.height);tpopt.container.closest(\".rev_slider_wrapper\").height(tpopt.height);tpopt.container.closest(\".forcefullwidth_wrapper_tp_banner\").find(\".tp-fullwidth-forcer\").height(tpopt.height);}\n\t\t\t\t};\n\n\t\t\t\t\/* CALL PLACEHOLDER *\/\n\t\t\t\tsetREVStartSize();\n\n\n\t\t\t\tvar tpj=jQuery;\n\t\t\t\ttpj.noConflict();\n\t\t\t\tvar revapi1;\n\n\t\t\t\ttpj(document).ready(function() {\n\n\t\t\t\tif(tpj('#rev_slider_1_1').revolution == undefined)\n\t\t\t\t\trevslider_showDoubleJqueryError('#rev_slider_1_1');\n\t\t\t\telse\n\t\t\t\t   revapi1 = tpj('#rev_slider_1_1').show().revolution(\n\t\t\t\t\t{\n\t\t\t\t\t\tdottedOverlay:\"none\",\n\t\t\t\t\t\tdelay:9000,\n\t\t\t\t\t\tstartwidth:1000,\n\t\t\t\t\t\tstartheight:350,\n\t\t\t\t\t\thideThumbs:200,\n\n\t\t\t\t\t\tthumbWidth:100,\n\t\t\t\t\t\tthumbHeight:50,\n\t\t\t\t\t\tthumbAmount:3,\n\t\t\t\t\t\t\n\t\t\t\t\t\t\t\t\t\t\t\t\n\t\t\t\t\t\tsimplifyAll:\"off\",\n\n\t\t\t\t\t\tnavigationType:\"bullet\",\n\t\t\t\t\t\tnavigationArrows:\"none\",\n\t\t\t\t\t\tnavigationStyle:\"round-old\",\n\n\t\t\t\t\t\ttouchenabled:\"on\",\n\t\t\t\t\t\tonHoverStop:\"on\",\n\t\t\t\t\t\tnextSlideOnWindowFocus:\"off\",\n\n\t\t\t\t\t\tswipe_threshold: 75,\n\t\t\t\t\t\tswipe_min_touches: 1,\n\t\t\t\t\t\tdrag_block_vertical: false,\n\t\t\t\t\t\t\n\t\t\t\t\t\t\t\t\t\t\t\t\n\t\t\t\t\t\t\t\t\t\t\t\t\n\t\t\t\t\t\tkeyboardNavigation:\"off\",\n\n\t\t\t\t\t\tnavigationHAlign:\"center\",\n\t\t\t\t\t\tnavigationVAlign:\"bottom\",\n\t\t\t\t\t\tnavigationHOffset:0,\n\t\t\t\t\t\tnavigationVOffset:20,\n\n\t\t\t\t\t\tsoloArrowLeftHalign:\"left\",\n\t\t\t\t\t\tsoloArrowLeftValign:\"center\",\n\t\t\t\t\t\tsoloArrowLeftHOffset:20,\n\t\t\t\t\t\tsoloArrowLeftVOffset:0,\n\n\t\t\t\t\t\tsoloArrowRightHalign:\"right\",\n\t\t\t\t\t\tsoloArrowRightValign:\"center\",\n\t\t\t\t\t\tsoloArrowRightHOffset:20,\n\t\t\t\t\t\tsoloArrowRightVOffset:0,\n\n\t\t\t\t\t\tshadow:0,\n\t\t\t\t\t\tfullWidth:\"on\",\n\t\t\t\t\t\tfullScreen:\"off\",\n\n\t\t\t\t\t\tspinner:\"spinner0\",\n\t\t\t\t\t\t\n\t\t\t\t\t\tstopLoop:\"off\",\n\t\t\t\t\t\tstopAfterLoops:-1,\n\t\t\t\t\t\tstopAtSlide:-1,\n\n\t\t\t\t\t\tshuffle:\"off\",\n\n\t\t\t\t\t\tautoHeight:\"off\",\n\t\t\t\t\t\tforceFullWidth:\"off\",\n\t\t\t\t\t\t\n\t\t\t\t\t\t\n\t\t\t\t\t\thideTimerBar:\"on\",\n\t\t\t\t\t\thideThumbsOnMobile:\"off\",\n\t\t\t\t\t\thideNavDelayOnMobile:1500,\n\t\t\t\t\t\thideBulletsOnMobile:\"off\",\n\t\t\t\t\t\thideArrowsOnMobile:\"off\",\n\t\t\t\t\t\thideThumbsUnderResolution:0,\n\n\t\t\t\t\t\t\t\t\t\t\t\thideSliderAtLimit:0,\n\t\t\t\t\t\thideCaptionAtLimit:0,\n\t\t\t\t\t\thideAllCaptionAtLilmit:0,\n\t\t\t\t\t\tstartWithSlide:0\t\t\t\t\t});\n\n\n\n\t\t\t\t\t\n\t\t\t\t});\t\/*ready*\/\n\n\t\t\t<\/script>\n\n\n\t\t\t<\/div><!-- END REVOLUTION SLIDER --><\/strong><\/p>\n<p><strong>PAZ Consultants SA<\/strong> est un cabinet de conseils ind\u00e9pendant qui propose des services sur mesure dans les domaines de la gouvernance, de l&#8217;organisation et de la compliance au sens large, principalement en faveur des acteurs de la place financi\u00e8re en Suisse.<\/p>\n<p>Les institutions financi\u00e8res op\u00e8rent dans un environnement de plus en plus complexe, dans lequel le risque de mise en cause de leur responsabilit\u00e9 s&#8217;accentue.<\/p>\n<p>La globalisation de l&#8217;activit\u00e9 financi\u00e8re impose &#8211; au del\u00e0 de la r\u00e9glementation purement nationale &#8211; d&#8217;anticiper et de renforcer la gestion des risques dans un cadre international, par l&#8217;int\u00e9gration strat\u00e9gique des r\u00e8gles de bonne conduite fix\u00e9es par les r\u00e9gulateurs, les organismes supranationaux et professionnels, ainsi que leur traduction op\u00e9rationnelle sous la forme de dispositifs pragmatiques et efficients de gouvernance, de r\u00e9glementation interne, de contr\u00f4le et de formation.<\/p>\n<\/div>\n","protected":false},"excerpt":{"rendered":"<p>PAZ Consultants SA est un cabinet de conseils ind\u00e9pendant qui propose des services sur mesure dans les domaines de la gouvernance, de l&#8217;organisation et de la compliance au sens large, principalement en faveur des acteurs de la place financi\u00e8re en Suisse. Les institutions financi\u00e8res op\u00e8rent dans un environnement de plus\u2026<\/p>\n","protected":false},"author":1,"featured_media":0,"parent":0,"menu_order":0,"comment_status":"closed","ping_status":"closed","template":"templates\/template-ludo_accueil.php","meta":[],"acf":[],"_links":{"self":[{"href":"https:\/\/www.pazconsultants.com\/new\/wp-json\/wp\/v2\/pages\/21"}],"collection":[{"href":"https:\/\/www.pazconsultants.com\/new\/wp-json\/wp\/v2\/pages"}],"about":[{"href":"https:\/\/www.pazconsultants.com\/new\/wp-json\/wp\/v2\/types\/page"}],"author":[{"embeddable":true,"href":"https:\/\/www.pazconsultants.com\/new\/wp-json\/wp\/v2\/users\/1"}],"replies":[{"embeddable":true,"href":"https:\/\/www.pazconsultants.com\/new\/wp-json\/wp\/v2\/comments?post=21"}],"version-history":[{"count":8,"href":"https:\/\/www.pazconsultants.com\/new\/wp-json\/wp\/v2\/pages\/21\/revisions"}],"predecessor-version":[{"id":723,"href":"https:\/\/www.pazconsultants.com\/new\/wp-json\/wp\/v2\/pages\/21\/revisions\/723"}],"wp:attachment":[{"href":"https:\/\/www.pazconsultants.com\/new\/wp-json\/wp\/v2\/media?parent=21"}],"curies":[{"name":"wp","href":"https:\/\/api.w.org\/{rel}","templated":true}]}}