{"id":26,"date":"2014-11-21T10:31:14","date_gmt":"2014-11-21T09:31:14","guid":{"rendered":"http:\/\/www.pazconsultants.com\/new\/?page_id=26"},"modified":"2014-11-27T15:03:05","modified_gmt":"2014-11-27T14:03:05","slug":"legal-disclaimer-informations-juridiques","status":"publish","type":"page","link":"https:\/\/www.pazconsultants.com\/new\/legal-disclaimer-informations-juridiques\/","title":{"rendered":"Legal Disclaimer \/ Informations juridiques"},"content":{"rendered":"<h4>Contenus, caract\u00e8re, actualit\u00e9 et responsabilit\u00e9<\/h4>\n<p>Les pages Internet de PAZ Consultants SA pr\u00e9sentent des informations g\u00e9n\u00e9rales sur la soci\u00e9t\u00e9, ses produits et services. PAZ Consultants SA se r\u00e9serve le droit de compl\u00e9ter, modifier ou supprimer \u00e0 tout moment le contenu de ses pages, sans avertissement pr\u00e9alable ou sans indication de motifs. PAZ Consultants SA ne garantit en aucun cas, ni n&#8217;assume la responsabilit\u00e9 de la justesse, de l&#8217;int\u00e9gralit\u00e9 et de l&#8217;exactitude des donn\u00e9es ou informations pr\u00e9sentes sur les pages Internet.<\/p>\n<p><strong>Protection des donn\u00e9es<\/strong><\/p>\n<p>PAZ Consultants SA entend aborder la gestion des informations comprises sur les pr\u00e9sentes pages Internet, le traitement des informations param\u00e9tr\u00e9es par un tiers sur ces pages et les informations g\u00e9n\u00e9r\u00e9es par la consultation de ces pages par des visiteurs ainsi que celles s\u2019y r\u00e9f\u00e9rant, dans le respect des principes \u00e9thiques\u00a0: la visite des pages Internet de PAZ Consultants SA est enregistr\u00e9e \u00e9lectroniquement. Cet enregistrement permet d\u2019\u00e9tablir en premier lieu des statistiques listant les rubriques de pages Internet les plus populaires. PAZ Consultants SA s&#8217;engage \u00e0 traiter les donn\u00e9es des clients avec diligence et en conformit\u00e9 avec les r\u00e8gles l\u00e9gales en vigueur (loi sur la protection des donn\u00e9es, loi sur les t\u00e9l\u00e9communications). A chaque visite de nos pages Internet ou dans le cadre d\u2019une op\u00e9ration marketing par e-mail, les donn\u00e9es clients suivantes peuvent \u00eatre obtenues et \u00eatre collect\u00e9es ou enregistr\u00e9es par PAZ Consultants SA. Les donn\u00e9es personnelles ou d\u2019autres donn\u00e9es que les clients communiquent en visitant nos pages Internet. Par la consultation de nos pages Internet et dans le cadre d\u2019un marketing par e-mail, vous acceptez que vos donn\u00e9es de client soient utilis\u00e9es aux fins mentionn\u00e9es par nos soins. PAZ Consultants SA ne communique aucune donn\u00e9e de client ou adresse e-mail \u00e0 des tiers sans l&#8217;autorisation explicite du client.<\/p>\n<p><strong>Propri\u00e9t\u00e9 intellectuelle<\/strong><\/p>\n<p>Toutes les donn\u00e9es, informations et photographies contenues sur les pages Internet de PAZ Consultants SA sont, sauf indication contraire (par exemple Flux RSS, articles cit\u00e9s, etc&#8230;), produites par PAZ Consultants SA et restent sa propri\u00e9t\u00e9. Par cons\u00e9quent, tous les contenus des pages Internet sont prot\u00e9g\u00e9s par la l\u00e9gislation relative au droit d&#8217;auteur. La reproduction (int\u00e9grale ou partielle), la transmission (par voie \u00e9lectronique ou autre), la modification, l&#8217;exploitation ou la consultation de ce site web \u00e0 des fins publiques ou commerciales est interdite sans l&#8217;autorisation \u00e9crite pr\u00e9alable de PAZ Consultants SA.<\/p>\n<p><strong>Non-responsabilit\u00e9<\/strong><\/p>\n<p>PAZ Consultants SA d\u00e9cline toute responsabilit\u00e9 en ce qui concerne tous dommages directs ou dindirects r\u00e9sultant de l&#8217;acc\u00e8s aux \u00e9l\u00e9ments du site web de PAZ Consultants SA ou \u00e0 leur consultation (ou r\u00e9sultant de l&#8217;impossibilit\u00e9 d&#8217;acc\u00e8s ou de consultation). Ni PAZ Consultants SA, ni d&#8217;autres parties participant \u00e0 la cr\u00e9ation, \u00e0 la conception et \u00e0 la mise \u00e0 disposition de <a href=\"http:\/\/www.pazconsultants.com\/\">www.pazconsultants.com<\/a> ne sont responsables des dommages directs, indirects ou d&#8217;autres dommages &#8211; soit en raison du non-respect des obligations contractuelles, en raison d&#8217;une faute ou d&#8217;un autre d\u00e9lit civil &#8211; r\u00e9sultant de la visite, de l&#8217;utilisation ou de l&#8217;impossibilit\u00e9 d&#8217;utilisation de <a href=\"http:\/\/www.pazconsultants.com\/\">www.pazconsultants.com<\/a>, ainsi que des dommages dus \u00e0 des erreurs ou des omissions dans les contenus. PAZ Consultants SA n&#8217;a pas contr\u00f4l\u00e9 les sites web auxquels renvoient les liens de <a href=\"http:\/\/www.pazconsultants.com\/\">www.pazconsultants.com<\/a> et ne peut en aucun cas \u00eatre tenue responsable des contenus de ces sites, ni des produits et services qu&#8217;ils proposent.<\/p>\n<p><strong>Juridiction comp\u00e9tente<\/strong><\/p>\n<p>Le pr\u00e9sent lien juridique r\u00e9sultant du contrat est r\u00e9gi par le droit suisse avec for exclusif aupr\u00e8s des Tribunaux du Canton de Gen\u00e8ve. Toutefois, PAZ Consultants SA est autoris\u00e9e \u00e0 faire valoir ses droits au lieu du domicile ou du si\u00e8ge du client.<\/p>\n","protected":false},"excerpt":{"rendered":"<p>Contenus, caract\u00e8re, actualit\u00e9 et responsabilit\u00e9 Les pages Internet de PAZ Consultants SA pr\u00e9sentent des informations g\u00e9n\u00e9rales sur la soci\u00e9t\u00e9, ses produits et services. PAZ Consultants SA se r\u00e9serve le droit de compl\u00e9ter, modifier ou supprimer \u00e0 tout moment le contenu de ses pages, sans avertissement pr\u00e9alable ou sans indication de\u2026<\/p>\n","protected":false},"author":1,"featured_media":0,"parent":0,"menu_order":0,"comment_status":"closed","ping_status":"closed","template":"templates\/template-twocolumns-right.php","meta":[],"acf":[],"_links":{"self":[{"href":"https:\/\/www.pazconsultants.com\/new\/wp-json\/wp\/v2\/pages\/26"}],"collection":[{"href":"https:\/\/www.pazconsultants.com\/new\/wp-json\/wp\/v2\/pages"}],"about":[{"href":"https:\/\/www.pazconsultants.com\/new\/wp-json\/wp\/v2\/types\/page"}],"author":[{"embeddable":true,"href":"https:\/\/www.pazconsultants.com\/new\/wp-json\/wp\/v2\/users\/1"}],"replies":[{"embeddable":true,"href":"https:\/\/www.pazconsultants.com\/new\/wp-json\/wp\/v2\/comments?post=26"}],"version-history":[{"count":1,"href":"https:\/\/www.pazconsultants.com\/new\/wp-json\/wp\/v2\/pages\/26\/revisions"}],"predecessor-version":[{"id":27,"href":"https:\/\/www.pazconsultants.com\/new\/wp-json\/wp\/v2\/pages\/26\/revisions\/27"}],"wp:attachment":[{"href":"https:\/\/www.pazconsultants.com\/new\/wp-json\/wp\/v2\/media?parent=26"}],"curies":[{"name":"wp","href":"https:\/\/api.w.org\/{rel}","templated":true}]}}