{"id":4,"date":"2014-11-20T17:43:25","date_gmt":"2014-11-20T16:43:25","guid":{"rendered":"http:\/\/www.pazconsultants.com\/new\/?page_id=4"},"modified":"2020-01-22T11:10:15","modified_gmt":"2020-01-22T10:10:15","slug":"a-propos-de","status":"publish","type":"page","link":"https:\/\/www.pazconsultants.com\/new\/a-propos-de\/","title":{"rendered":"A propos"},"content":{"rendered":"<p><img decoding=\"async\" loading=\"lazy\" class=\"alignleft wp-image-88 size-medium\" src=\"http:\/\/www.pazconsultants.com\/new\/wp-content\/uploads\/2014\/11\/Natacha-257x300.jpg\" alt=\"Natacha Polli\" width=\"257\" height=\"300\" srcset=\"https:\/\/www.pazconsultants.com\/new\/wp-content\/uploads\/2014\/11\/Natacha-257x300.jpg 257w, https:\/\/www.pazconsultants.com\/new\/wp-content\/uploads\/2014\/11\/Natacha-128x150.jpg 128w, https:\/\/www.pazconsultants.com\/new\/wp-content\/uploads\/2014\/11\/Natacha.jpg 402w\" sizes=\"(max-width: 257px) 100vw, 257px\" \/>Natacha A. Polli est au b\u00e9n\u00e9fice d&#8217;une exp\u00e9rience de plus de 20 ans dans les domaines de la gouvernance et de la compliance.<br \/>\nTitulaire d&#8217;un Master en Droit, elle a \u00e9t\u00e9 admise au Barreau de Gen\u00e8ve en 1994 o\u00f9 elle a exerc\u00e9 comme avocate g\u00e9n\u00e9raliste en parall\u00e8le \u00e0 sa position d&#8217;assistante aupr\u00e8s de la Facult\u00e9 de droit de l&#8217;Universit\u00e9 de Gen\u00e8ve.<\/p>\n<p>En 1998, elle a \u00e9t\u00e9 nomm\u00e9e Responsable juridique et Responsable suppl\u00e9ante de l&#8217;Autorit\u00e9 de Contr\u00f4le en mati\u00e8re de Lutte contre le Blanchiment d&#8217;Argent, nouvellement cr\u00e9\u00e9e dans le but de mettre en \u0153uvre la Loi sur le blanchiment d&#8217;argent pour les interm\u00e9diaires financiers non bancaires. Au sein de cette Autorit\u00e9, elle a assur\u00e9 d&#8217;une part le processus de r\u00e9daction r\u00e9glementaire et a d&#8217;autre part trait\u00e9 les demandes de licences des organismes d&#8217;autor\u00e9gulation. L&#8217;Autorit\u00e9 a fusionn\u00e9 en 2009 avec la Commission F\u00e9d\u00e9rale des Banques pour devenir l&#8217;Autorit\u00e9 F\u00e9d\u00e9rale de Surveillance des March\u00e9s Financiers FINMA.<\/p>\n<p>En 2000, Natacha A Polli a rejoint Lombard Odier &amp; Cie en qualit\u00e9 de Responsable de la lutte anti-blanchiment.<\/p>\n<p>En 2003, elle est entr\u00e9e comme Responsable de la Direction Compliance aupr\u00e8s de CA Indosuez (Switzerland) SA\u00a0 (alors Cr\u00e9dit Agricole Indosuez (Suisse) SA) o\u00f9 elle avait comme t\u00e2che principale la gestion de toutes les questions li\u00e9es \u00e0 la lutte anti-blanchiment et contre le financement du terrorisme sur une base consolid\u00e9e.<\/p>\n<p>Elle a \u00e9t\u00e9 nomm\u00e9e Secr\u00e9taire G\u00e9n\u00e9ral de la banque en 2010, en charge de la supervision des services Juridique et Compliance, ainsi que de la coordination de la gouvernance de la banque sur le plan international (surveillance consolid\u00e9e selon les exigences r\u00e9glementaires, contacts avec les autorit\u00e9s de surveillance en Suisse et \u00e0 l&#8217;\u00e9tranger, dans les lieux d&#8217;implantation de la Banque).<\/p>\n<p>Natacha A. Polli est fortement engag\u00e9e dans les processus r\u00e9glementaires (\u00e0 savoir, d\u00e8s 1998 au sein du Groupe de travail de l&#8217;ASB en charge de r\u00e9viser la Convention de Diligence des Banques), ainsi que les activit\u00e9s associatives (ancienne pr\u00e9sidente du Groupement des Compliance Officers de Suisse Romande et du Tessin; membre de l&#8217;Advisory board et pr\u00e9sidente du comit\u00e9 AML de la Capital Markets and Technology Association) et de formation (membre du Comit\u00e9 Directeur et co-directrice du CAS Compliance in Financial Services de l&#8217;Universit\u00e9 de Gen\u00e8ve).<\/p>\n<p>&nbsp;<\/p>\n<p><img decoding=\"async\" loading=\"lazy\" class=\"alignleft wp-image-89 size-medium\" src=\"http:\/\/www.pazconsultants.com\/new\/wp-content\/uploads\/2014\/11\/PLP_2651-R1-210x300.jpg\" alt=\"\" width=\"210\" height=\"300\" srcset=\"https:\/\/www.pazconsultants.com\/new\/wp-content\/uploads\/2014\/11\/PLP_2651-R1-210x300.jpg 210w, https:\/\/www.pazconsultants.com\/new\/wp-content\/uploads\/2014\/11\/PLP_2651-R1-716x1024.jpg 716w, https:\/\/www.pazconsultants.com\/new\/wp-content\/uploads\/2014\/11\/PLP_2651-R1-105x150.jpg 105w, https:\/\/www.pazconsultants.com\/new\/wp-content\/uploads\/2014\/11\/PLP_2651-R1.jpg 1960w\" sizes=\"(max-width: 210px) 100vw, 210px\" \/>Georges Zecchin est au b\u00e9n\u00e9fice d&#8217;une exp\u00e9rience bancaire de 24 ann\u00e9es et de 17 ann\u00e9es dans les domaines de la gouvernance et de la compliance.<\/p>\n<p>Georges Zecchin a commenc\u00e9 sa carri\u00e8re en 1974 comme cambiste. Il a ensuite d\u00e9cid\u00e9 d&#8217;\u00e9voluer vers le domaine juridique et a obtenu un Master en Droit en 1984.<\/p>\n<p>De 1984 \u00e0 1986 il a travaill\u00e9 comme D\u00e9l\u00e9gu\u00e9 au Pakistan et aux Philippines pour le Comit\u00e9 International de la Croix-Rouge.<\/p>\n<p>Il a \u00e9t\u00e9 admis au Barreau de Gen\u00e8ve en 1989, a d\u00e9but\u00e9 sa carri\u00e8re d&#8217;avocat comme associ\u00e9 au sein d&#8217;une Etude, puis est devenu Responsable du Service Juridique de la Banque Populaire Suisse (aujourd&#8217;hui int\u00e9gr\u00e9e au Cr\u00e9dit Suisse).<\/p>\n<p>Georges Zecchin a exerc\u00e9 la fonction de Juge d&#8217;Instruction dans la section des affaires \u00e9conomiques complexes au sein du Pouvoir Judiciaire du Canton de Gen\u00e8ve de 1995 \u00e0 2001.<\/p>\n<p>En 2001 il est entr\u00e9 comme Responsable de la Direction Compliance au CA Indosuez (Switzerland) SA (alors pr\u00e9c\u00e9demment Cr\u00e9dit Agricole Indosuez (Suisse) SA) o\u00f9 il avait comme responsabilit\u00e9 principale la gestion des questions li\u00e9es \u00e0 la lutte anti-blanchiment et contre le financement du terrorisme sur une base consolid\u00e9e.<\/p>\n<p>Georges Zecchin a \u00e9t\u00e9 nomm\u00e9 Secr\u00e9taire G\u00e9n\u00e9ral de la banque en 2004, en charge de la supervision des services Juridique et Compliance, ainsi que de la coordination de la gouvernance de la banque sur le plan international (surveillance consolid\u00e9e selon les exigences r\u00e9glementaires, contacts avec les autorit\u00e9s de surveillance en Suisse et \u00e0 l&#8217;\u00e9tranger, dans les lieux d&#8217;implantation de la banque).<\/p>\n<p>Il a \u00e9t\u00e9 nomm\u00e9 Directeur R\u00e9gional de Cr\u00e9dit Agricole Suisse en Asie (Hong Kong et Singapour) d\u00e8s 2010, poste qu&#8217;il a occup\u00e9 jusqu&#8217;\u00e0 la mi-2013.<\/p>\n<p>De plus, Georges Zecchin a fait preuve d&#8217;un fort engagement en prenant part \u00e0 des activit\u00e9s associatives (co-fondateur du Groupement des Compliance Officers de Suisse Romande et du Tessin) et de formation (ancien membre du Comit\u00e9 Directeur du CAS Compliance in Financial Services de l&#8217;Universit\u00e9 de Gen\u00e8ve).<\/p>\n","protected":false},"excerpt":{"rendered":"<p>Natacha A. Polli est au b\u00e9n\u00e9fice d&#8217;une exp\u00e9rience de plus de 20 ans dans les domaines de la gouvernance et de la compliance. Titulaire d&#8217;un Master en Droit, elle a \u00e9t\u00e9 admise au Barreau de Gen\u00e8ve en 1994 o\u00f9 elle a exerc\u00e9 comme avocate g\u00e9n\u00e9raliste en parall\u00e8le \u00e0 sa position\u2026<\/p>\n","protected":false},"author":1,"featured_media":0,"parent":0,"menu_order":0,"comment_status":"closed","ping_status":"closed","template":"templates\/template-twocolumns-right.php","meta":[],"acf":[],"_links":{"self":[{"href":"https:\/\/www.pazconsultants.com\/new\/wp-json\/wp\/v2\/pages\/4"}],"collection":[{"href":"https:\/\/www.pazconsultants.com\/new\/wp-json\/wp\/v2\/pages"}],"about":[{"href":"https:\/\/www.pazconsultants.com\/new\/wp-json\/wp\/v2\/types\/page"}],"author":[{"embeddable":true,"href":"https:\/\/www.pazconsultants.com\/new\/wp-json\/wp\/v2\/users\/1"}],"replies":[{"embeddable":true,"href":"https:\/\/www.pazconsultants.com\/new\/wp-json\/wp\/v2\/comments?post=4"}],"version-history":[{"count":23,"href":"https:\/\/www.pazconsultants.com\/new\/wp-json\/wp\/v2\/pages\/4\/revisions"}],"predecessor-version":[{"id":729,"href":"https:\/\/www.pazconsultants.com\/new\/wp-json\/wp\/v2\/pages\/4\/revisions\/729"}],"wp:attachment":[{"href":"https:\/\/www.pazconsultants.com\/new\/wp-json\/wp\/v2\/media?parent=4"}],"curies":[{"name":"wp","href":"https:\/\/api.w.org\/{rel}","templated":true}]}}