{"id":6,"date":"2014-11-20T17:44:42","date_gmt":"2014-11-20T16:44:42","guid":{"rendered":"http:\/\/www.pazconsultants.com\/new\/?page_id=6"},"modified":"2020-01-20T11:49:09","modified_gmt":"2020-01-20T10:49:09","slug":"services","status":"publish","type":"page","link":"https:\/\/www.pazconsultants.com\/new\/services\/","title":{"rendered":"Services"},"content":{"rendered":"<div class=\"item-page\">\n<p>Nous fournissons en particulier des services dans les domaines suivants :<\/p>\n<ul>\n<li>Gouvernance et organisation ad\u00e9quate des interm\u00e9diaires financiers<\/li>\n<li>Surveillance consolid\u00e9e<\/li>\n<li>Lutte anti-blanchiment, contre le financement du terrorisme et la corruption<\/li>\n<li>Conformit\u00e9 fiscale des avoirs<\/li>\n<li>Enqu\u00eates p\u00e9nales et entraide judiciaire internationale<\/li>\n<li>Lutte contre la fraude<\/li>\n<li>Avoirs en d\u00e9sh\u00e9rence<\/li>\n<li>Suitability et appropriateness<\/li>\n<\/ul>\n<p>Dans nos domaines de comp\u00e9tences nous acceptons des mandats de :<\/p>\n<ul>\n<li>Conseil et expert pour le traitement de questions particuli\u00e8res<\/li>\n<li>Analyse de l&#8217;organisation interne et r\u00e9organisation<\/li>\n<li>Examen des processus de conformit\u00e9 et \u00e9laboration de politique compliance<\/li>\n<li>Elaboration de la strat\u00e9gie r\u00e9glementaire et d&#8217;analyse de risques<\/li>\n<li>Support en mati\u00e8re de formalisation du syst\u00e8me de contr\u00f4le interne<\/li>\n<li>Assistance dans la gestion de contraintes r\u00e9glementaires et de coaching de Direction<\/li>\n<li>Outsourcing de la fonction compliance (phase de transition et\/ou \u00e0 temps partiel)<\/li>\n<li>Formation interne<\/li>\n<li>Assistance dans le traitement de <a style=\"text-decoration: none; color: #333;\" href=\"https:\/\/bestessayhere.com\/\">affordable paper<\/a> demandes de licences aupr\u00e8s des r\u00e9gulateurs<\/li>\n<li>Traitement de situation de crise en mati\u00e8re r\u00e9glementaire et d&#8217;intervention d&#8217;urgence<\/li>\n<li>Investigation interne<\/li>\n<li>Membre de conseil d&#8217;administration et de comit\u00e9 d&#8217;audit<\/li>\n<\/ul>\n<\/div>\n","protected":false},"excerpt":{"rendered":"<p>Nous fournissons en particulier des services dans les domaines suivants : Gouvernance et organisation ad\u00e9quate des interm\u00e9diaires financiers Surveillance consolid\u00e9e Lutte anti-blanchiment, contre le financement du terrorisme et la corruption Conformit\u00e9 fiscale des avoirs Enqu\u00eates p\u00e9nales et entraide judiciaire internationale Lutte contre la fraude Avoirs en d\u00e9sh\u00e9rence Suitability et appropriateness\u2026<\/p>\n","protected":false},"author":1,"featured_media":0,"parent":0,"menu_order":0,"comment_status":"closed","ping_status":"closed","template":"templates\/template-twocolumns-right.php","meta":[],"acf":[],"_links":{"self":[{"href":"https:\/\/www.pazconsultants.com\/new\/wp-json\/wp\/v2\/pages\/6"}],"collection":[{"href":"https:\/\/www.pazconsultants.com\/new\/wp-json\/wp\/v2\/pages"}],"about":[{"href":"https:\/\/www.pazconsultants.com\/new\/wp-json\/wp\/v2\/types\/page"}],"author":[{"embeddable":true,"href":"https:\/\/www.pazconsultants.com\/new\/wp-json\/wp\/v2\/users\/1"}],"replies":[{"embeddable":true,"href":"https:\/\/www.pazconsultants.com\/new\/wp-json\/wp\/v2\/comments?post=6"}],"version-history":[{"count":4,"href":"https:\/\/www.pazconsultants.com\/new\/wp-json\/wp\/v2\/pages\/6\/revisions"}],"predecessor-version":[{"id":724,"href":"https:\/\/www.pazconsultants.com\/new\/wp-json\/wp\/v2\/pages\/6\/revisions\/724"}],"wp:attachment":[{"href":"https:\/\/www.pazconsultants.com\/new\/wp-json\/wp\/v2\/media?parent=6"}],"curies":[{"name":"wp","href":"https:\/\/api.w.org\/{rel}","templated":true}]}}